{"id":26,"date":"2017-04-24T07:13:18","date_gmt":"2017-04-24T07:13:18","guid":{"rendered":"http:\/\/daneuropesuisse.ch\/?page_id=26"},"modified":"2022-08-31T08:52:16","modified_gmt":"2022-08-31T07:52:16","slug":"mitliedschaft","status":"publish","type":"page","link":"https:\/\/daneuropesuisse.ch\/?page_id=26","title":{"rendered":"Mitgliedschaft"},"content":{"rendered":"<div class=\"entry-content\">\n<p><strong>DAN braucht Mitglieder, die uns unterst\u00fctzen<\/strong>, um eine Tauchnotfall-Hotline mit kompetenten \u00c4rzten aufrechtzuerhalten. Die \u00c4rzte arbeiten ehrenamtlich aber die Bereitstellung der Hotline und Technologie kostet Geld. Ebenso k\u00fcmmern wir uns um Sicherheitsaspekte und Ausbildung der Techniker und \u00c4rzte von Tauchkammern in abgelegenen Tauchgebieten. Detaillierte Angaben dazu finden sich auf <a href=\"http:\/\/www.daneurope.org\/de\/community\" target=\"_blank\" rel=\"noopener\"><span style=\"color: #3366ff;\"><span style=\"color: #3366ff;\">www.daneurope.org\/de\/community<\/span><\/span><\/a>.<\/p>\n<p><strong>Das Schweizer B\u00fcro DAN EUROPE SUISSE hilft Euch <\/strong>bei Schwierigkeiten, eine Mitgliedschaft auszuw\u00e4hlen oder bei Schwierigkeiten mit dem administrativen Ablauf. Telefon +41 32 322 38 23.<\/p>\n<p><a href=\"https:\/\/alertdiver.eu\/de_DE\" target=\"_blank\" rel=\"noopener\"><span style=\"color: #0000ff;\">Alert<\/span> <span style=\"color: #0000ff;\">Diver<\/span><\/a><span style=\"color: #0000ff;\">\u00a0<\/span>(Europa-Ausgabe)<b>\u00a0<\/b>ist ein Online-Magazin, das von der DAN Europe Foundation in 9 Sprachen ver\u00f6ffentlicht wird und sich an alle Taucher wendet, die sich um mehr Tauchsicherheit bem\u00fchen. Alert Diver wird von anerkannten Fachleuten aus der Tauchmedizin und Notfallausbildung geschrieben und informiert Taucher zu einer Vielzahl von Themen, wie z.B. zu medizinischen Fragen, Forschungsstudien, Unfallpr\u00e4vention und Unfallhintergr\u00fcnden.<\/p>\n<p><strong><img loading=\"lazy\" decoding=\"async\" class=\"alignnone wp-image-425\" src=\"https:\/\/daneuropesuisse.ch\/wp-content\/uploads\/2017\/09\/cropped-cropped-cropped-cropped-DAN_logo-e1517913531801.jpg\" alt=\"\" width=\"47\" height=\"18\" \/><\/strong>\u00a0 <strong>MITGLIED WERDEN\u00a0\u00a0\u00a0 <\/strong><a href=\"http:\/\/www.daneurope.org\/de\/community\" target=\"_blank\" rel=\"noopener\"><strong><span style=\"color: #3366ff;\">http:\/\/www.daneurope.org\/de\/community<\/span><\/strong><\/a><\/p>\n<\/div>\n<div class=\"entry-content\"><\/div>\n","protected":false},"excerpt":{"rendered":"<p>DAN braucht Mitglieder, die uns unterst\u00fctzen, um eine Tauchnotfall-Hotline mit kompetenten \u00c4rzten aufrechtzuerhalten. Die \u00c4rzte arbeiten ehrenamtlich aber die Bereitstellung der Hotline und Technologie kostet Geld. Ebenso k\u00fcmmern wir uns um Sicherheitsaspekte und Ausbildung der Techniker und \u00c4rzte von Tauchkammern in abgelegenen Tauchgebieten. Detaillierte Angaben dazu finden sich auf www.daneurope.org\/de\/community. Das Schweizer B\u00fcro DAN EUROPE<a class=\"read-more\" href=\"https:\/\/daneuropesuisse.ch\/?page_id=26\"><br \/>-> Continue reading<span class=\"screen-reader-text\">  Mitgliedschaft<\/span><\/a><\/p>\n","protected":false},"author":2,"featured_media":0,"parent":8,"menu_order":1,"comment_status":"closed","ping_status":"closed","template":"","meta":{"footnotes":""},"_links":{"self":[{"href":"https:\/\/daneuropesuisse.ch\/index.php?rest_route=\/wp\/v2\/pages\/26"}],"collection":[{"href":"https:\/\/daneuropesuisse.ch\/index.php?rest_route=\/wp\/v2\/pages"}],"about":[{"href":"https:\/\/daneuropesuisse.ch\/index.php?rest_route=\/wp\/v2\/types\/page"}],"author":[{"embeddable":true,"href":"https:\/\/daneuropesuisse.ch\/index.php?rest_route=\/wp\/v2\/users\/2"}],"replies":[{"embeddable":true,"href":"https:\/\/daneuropesuisse.ch\/index.php?rest_route=%2Fwp%2Fv2%2Fcomments&post=26"}],"version-history":[{"count":18,"href":"https:\/\/daneuropesuisse.ch\/index.php?rest_route=\/wp\/v2\/pages\/26\/revisions"}],"predecessor-version":[{"id":2791,"href":"https:\/\/daneuropesuisse.ch\/index.php?rest_route=\/wp\/v2\/pages\/26\/revisions\/2791"}],"up":[{"embeddable":true,"href":"https:\/\/daneuropesuisse.ch\/index.php?rest_route=\/wp\/v2\/pages\/8"}],"wp:attachment":[{"href":"https:\/\/daneuropesuisse.ch\/index.php?rest_route=%2Fwp%2Fv2%2Fmedia&parent=26"}],"curies":[{"name":"wp","href":"https:\/\/api.w.org\/{rel}","templated":true}]}}