{"id":29,"date":"2017-04-24T07:14:04","date_gmt":"2017-04-24T07:14:04","guid":{"rendered":"http:\/\/daneuropesuisse.ch\/?page_id=29"},"modified":"2018-08-07T09:33:00","modified_gmt":"2018-08-07T08:33:00","slug":"versicherungsplaene","status":"publish","type":"page","link":"https:\/\/daneuropesuisse.ch\/?page_id=29","title":{"rendered":"Versicherungspl\u00e4ne"},"content":{"rendered":"<p>Mit der Mitgliedschaft ist in der Regel auch eine <strong>Taucherversicherung<\/strong> verbunden. Die schweizerische Krankenkasse \u00fcbernimmt nicht die vollen Kosten eines Notfalltransportes und einer Druckkammerbehandlung, gar keine Kosten im Fall einer Suchaktion f\u00fcr einen verlorenen Taucher. In der Schweiz sind die Mehrkosten noch \u00fcberblickbar, im Bereich der sch\u00f6nsten Tauchpl\u00e4tze jedoch k\u00f6nnen diese ein astronomisches Ausmass annehmen, sodass man besser schl\u00e4ft, wenn f\u00fcr den Notfall gesorgt ist. Die verschiedenen Versicherungsvarianten und Zusatzoptionen findet ihr auf dem Link <a href=\"http:\/\/www.daneurope.org\/insurance\" target=\"_blank\" rel=\"noopener\">www.daneurope.org\/insurance<\/a>.<\/p>\n<p>Wer unsere Organisation unterst\u00fctzen m\u00f6chte, ohne die Versicherung mit abzuschliessen, kann eine Unterst\u00fctzermitgliedschaft f\u00fcr wenige Franken abschliessen.<\/p>\n<p>Die Beitr\u00e4ge f\u00fcr die einzelnen Versicherungspl\u00e4ne werden vom DAN EUROPE Continental Office festgelegt. Die Schweizer-Franken-Betr\u00e4ge \u00e4ndern sich je nach Wechselkurs des Euro.<\/p>\n<h2><strong>Hier findest Du jederzeit die aktuellen Mitglieschaftsoptionen und Preise: <span style=\"color: #3366ff;\"><a href=\"http:\/\/www.daneurope.org\/insurance\" target=\"_blank\" rel=\"noopener\"><span style=\"color: #3366ff;\"> www.daneurope.org\/insurance<\/span><\/a><\/span><\/strong><\/h2>\n","protected":false},"excerpt":{"rendered":"<p>Mit der Mitgliedschaft ist in der Regel auch eine Taucherversicherung verbunden. Die schweizerische Krankenkasse \u00fcbernimmt nicht die vollen Kosten eines Notfalltransportes und einer Druckkammerbehandlung, gar keine Kosten im Fall einer Suchaktion f\u00fcr einen verlorenen Taucher. In der Schweiz sind die Mehrkosten noch \u00fcberblickbar, im Bereich der sch\u00f6nsten Tauchpl\u00e4tze jedoch k\u00f6nnen diese ein astronomisches Ausmass annehmen,<a class=\"read-more\" href=\"https:\/\/daneuropesuisse.ch\/?page_id=29\"><br \/>-> Continue reading<span class=\"screen-reader-text\">  Versicherungspl\u00e4ne<\/span><\/a><\/p>\n","protected":false},"author":2,"featured_media":0,"parent":8,"menu_order":2,"comment_status":"closed","ping_status":"closed","template":"","meta":{"footnotes":""},"_links":{"self":[{"href":"https:\/\/daneuropesuisse.ch\/index.php?rest_route=\/wp\/v2\/pages\/29"}],"collection":[{"href":"https:\/\/daneuropesuisse.ch\/index.php?rest_route=\/wp\/v2\/pages"}],"about":[{"href":"https:\/\/daneuropesuisse.ch\/index.php?rest_route=\/wp\/v2\/types\/page"}],"author":[{"embeddable":true,"href":"https:\/\/daneuropesuisse.ch\/index.php?rest_route=\/wp\/v2\/users\/2"}],"replies":[{"embeddable":true,"href":"https:\/\/daneuropesuisse.ch\/index.php?rest_route=%2Fwp%2Fv2%2Fcomments&post=29"}],"version-history":[{"count":14,"href":"https:\/\/daneuropesuisse.ch\/index.php?rest_route=\/wp\/v2\/pages\/29\/revisions"}],"predecessor-version":[{"id":1603,"href":"https:\/\/daneuropesuisse.ch\/index.php?rest_route=\/wp\/v2\/pages\/29\/revisions\/1603"}],"up":[{"embeddable":true,"href":"https:\/\/daneuropesuisse.ch\/index.php?rest_route=\/wp\/v2\/pages\/8"}],"wp:attachment":[{"href":"https:\/\/daneuropesuisse.ch\/index.php?rest_route=%2Fwp%2Fv2%2Fmedia&parent=29"}],"curies":[{"name":"wp","href":"https:\/\/api.w.org\/{rel}","templated":true}]}}