{"id":31,"date":"2017-04-24T07:14:26","date_gmt":"2017-04-24T07:14:26","guid":{"rendered":"http:\/\/daneuropesuisse.ch\/?page_id=31"},"modified":"2022-12-20T10:07:08","modified_gmt":"2022-12-20T09:07:08","slug":"medizinisches","status":"publish","type":"page","link":"https:\/\/daneuropesuisse.ch\/?page_id=31","title":{"rendered":"Hotline &#038; Beratung"},"content":{"rendered":"<p>Dan Europe Suisse betreibt eine medizinische Hotline f\u00fcr Tauchunf\u00e4lle. Ein ausgewiesenes Team von erfahrenen Tauch\u00e4rzten hilft Tauchern in Notfallsituationen. Wir helfen auch durch Beratung und Information bei medizinischen Fragen, wir bearbeiten und analysieren Tauchunfallsituationen und publizieren unsere Erfahrungen in wissenschaftlichen Plattformen. Das medical Team bietet auch Fortbildungen und Workshops f\u00fcr \u00c4rzte an, ebenso f\u00fcr Tauchinstruktoren in Bezug auf Pr\u00e4vention und Behandlung von Tauchunf\u00e4llen.<\/p>\n<p>Das DAN Europe Suisse Medical Team geh\u00f6rt zum DAN Europe Medical Board sowie zum <a href=\"https:\/\/world.dan.org\/health-medicine\/\" target=\"_blank\" rel=\"noopener\"><span style=\"color: #3366ff;\">International DAN Medical Board<\/span>.<\/a><\/p>\n<p><strong>Aktivit\u00e4ten<\/strong><\/p>\n<ul>\n<li><span style=\"color: #3366ff;\"><a href=\"https:\/\/daneuropesuisse.ch\/?page_id=37\" rel=\"noopener\"><span style=\"color: #3366ff;\">Hotline<\/span><\/a><\/span><\/li>\n<li><span style=\"color: #3366ff;\"><a href=\"https:\/\/daneuropesuisse.ch\/?page_id=39\"><span style=\"color: #3366ff;\">Nachbetreuung von Tauchunf\u00e4llen<\/span><\/a><\/span><\/li>\n<li><a href=\"https:\/\/daneuropesuisse.ch\/?page_id=41\" rel=\"noopener\"><span style=\"color: #3366ff;\">Tauchmedizinische Beratung<\/span><\/a><\/li>\n<li>Tauchmedizinische Fortbildung f\u00fcr \u00c4rzte<\/li>\n<li>Bereitstellung von ad hoc Einsatzteams f\u00fcr Berufstauchprojekte und Tunnelbauprojekte<\/li>\n<\/ul>\n<p><a href=\"https:\/\/daneuropesuisse.ch\/?page_id=1277\" target=\"_blank\" rel=\"noopener\"><strong><span style=\"color: #3366ff;\">Mitglieder des DAN Europe Suisse Medical Teams<\/span><\/strong><\/a><\/p>\n","protected":false},"excerpt":{"rendered":"<p>Dan Europe Suisse betreibt eine medizinische Hotline f\u00fcr Tauchunf\u00e4lle. Ein ausgewiesenes Team von erfahrenen Tauch\u00e4rzten hilft Tauchern in Notfallsituationen. Wir helfen auch durch Beratung und Information bei medizinischen Fragen, wir bearbeiten und analysieren Tauchunfallsituationen und publizieren unsere Erfahrungen in wissenschaftlichen Plattformen. Das medical Team bietet auch Fortbildungen und Workshops f\u00fcr \u00c4rzte an, ebenso f\u00fcr Tauchinstruktoren<a class=\"read-more\" href=\"https:\/\/daneuropesuisse.ch\/?page_id=31\"><br \/>-> Continue reading<span class=\"screen-reader-text\">  Hotline &#038; Beratung<\/span><\/a><\/p>\n","protected":false},"author":2,"featured_media":0,"parent":8,"menu_order":3,"comment_status":"closed","ping_status":"closed","template":"","meta":{"footnotes":""},"_links":{"self":[{"href":"https:\/\/daneuropesuisse.ch\/index.php?rest_route=\/wp\/v2\/pages\/31"}],"collection":[{"href":"https:\/\/daneuropesuisse.ch\/index.php?rest_route=\/wp\/v2\/pages"}],"about":[{"href":"https:\/\/daneuropesuisse.ch\/index.php?rest_route=\/wp\/v2\/types\/page"}],"author":[{"embeddable":true,"href":"https:\/\/daneuropesuisse.ch\/index.php?rest_route=\/wp\/v2\/users\/2"}],"replies":[{"embeddable":true,"href":"https:\/\/daneuropesuisse.ch\/index.php?rest_route=%2Fwp%2Fv2%2Fcomments&post=31"}],"version-history":[{"count":21,"href":"https:\/\/daneuropesuisse.ch\/index.php?rest_route=\/wp\/v2\/pages\/31\/revisions"}],"predecessor-version":[{"id":2860,"href":"https:\/\/daneuropesuisse.ch\/index.php?rest_route=\/wp\/v2\/pages\/31\/revisions\/2860"}],"up":[{"embeddable":true,"href":"https:\/\/daneuropesuisse.ch\/index.php?rest_route=\/wp\/v2\/pages\/8"}],"wp:attachment":[{"href":"https:\/\/daneuropesuisse.ch\/index.php?rest_route=%2Fwp%2Fv2%2Fmedia&parent=31"}],"curies":[{"name":"wp","href":"https:\/\/api.w.org\/{rel}","templated":true}]}}