{"id":39,"date":"2017-04-24T07:17:08","date_gmt":"2017-04-24T07:17:08","guid":{"rendered":"http:\/\/daneuropesuisse.ch\/?page_id=39"},"modified":"2018-05-22T08:19:27","modified_gmt":"2018-05-22T07:19:27","slug":"nachbetreuung-von-tauchunfaellen-follow-up","status":"publish","type":"page","link":"https:\/\/daneuropesuisse.ch\/?page_id=39","title":{"rendered":"Nachbetreuung von Tauchunf\u00e4llen (Follow-up)"},"content":{"rendered":"<p>Taucher welche uns in Notfallsituationen angerufen hatten, werden sp\u00e4ter erneut kontaktiert, um ev. bei der Nachbehandlung zu behilflich zu sein, allenfalls weitere Untersuchungen vorzuschlagen die f\u00fcr die Prognose von Bedeutung sind.<\/p>\n<p>Falls erw\u00fcnscht vermitteln wir einen kompetenten Tauchmediziner welcher die Tauchtauglichkeitsuntersuchung vor einem allf\u00e4lligen Wiederbeginn durchf\u00fchrt und vor allem eine Risikoberatung durchf\u00fchren kann, allenfalls einschr\u00e4nkende Vorsichtsmassnahmen empfiehlt.<\/p>\n<p>In einigen F\u00e4llen versuchen wir ein vollst\u00e4ndige Dokumentation zu erhalten, den Fall wisschenschaftlich zu analysieren und mit dem Tauchmedizinspezialisten zu diskutieren. Dies dient einerseits der Weiterbildung dieser \u00c4rzte, andererseits der Qualit\u00e4tssicherung unserer Arbeit als Hotline. Alle Daten werden dabei in anonymisierter Weise verarbeitet so dass kein R\u00fcckschluss auf die betreffende Person m\u00f6glich ist.<\/p>\n<p>Die Hotline Aktivit\u00e4ten werden statistisch erfasst und jedes Jahr erscheint eine <a href=\"http:\/\/www.ftu.ch\/de\/statistiken.php\" target=\"_blank\" rel=\"noopener\"><span style=\"color: #3366ff;\">Fallsammlung<\/span> <\/a>die wir zusammen mit der Partnerorganisation FTU publizieren.<\/p>\n","protected":false},"excerpt":{"rendered":"<p>Taucher welche uns in Notfallsituationen angerufen hatten, werden sp\u00e4ter erneut kontaktiert, um ev. bei der Nachbehandlung zu behilflich zu sein, allenfalls weitere Untersuchungen vorzuschlagen die f\u00fcr die Prognose von Bedeutung sind. Falls erw\u00fcnscht vermitteln wir einen kompetenten Tauchmediziner welcher die Tauchtauglichkeitsuntersuchung vor einem allf\u00e4lligen Wiederbeginn durchf\u00fchrt und vor allem eine Risikoberatung durchf\u00fchren kann, allenfalls einschr\u00e4nkende<a class=\"read-more\" href=\"https:\/\/daneuropesuisse.ch\/?page_id=39\"><br \/>-> Continue reading<span class=\"screen-reader-text\">  Nachbetreuung von Tauchunf\u00e4llen (Follow-up)<\/span><\/a><\/p>\n","protected":false},"author":2,"featured_media":0,"parent":31,"menu_order":2,"comment_status":"closed","ping_status":"closed","template":"","meta":{"footnotes":""},"_links":{"self":[{"href":"https:\/\/daneuropesuisse.ch\/index.php?rest_route=\/wp\/v2\/pages\/39"}],"collection":[{"href":"https:\/\/daneuropesuisse.ch\/index.php?rest_route=\/wp\/v2\/pages"}],"about":[{"href":"https:\/\/daneuropesuisse.ch\/index.php?rest_route=\/wp\/v2\/types\/page"}],"author":[{"embeddable":true,"href":"https:\/\/daneuropesuisse.ch\/index.php?rest_route=\/wp\/v2\/users\/2"}],"replies":[{"embeddable":true,"href":"https:\/\/daneuropesuisse.ch\/index.php?rest_route=%2Fwp%2Fv2%2Fcomments&post=39"}],"version-history":[{"count":9,"href":"https:\/\/daneuropesuisse.ch\/index.php?rest_route=\/wp\/v2\/pages\/39\/revisions"}],"predecessor-version":[{"id":1447,"href":"https:\/\/daneuropesuisse.ch\/index.php?rest_route=\/wp\/v2\/pages\/39\/revisions\/1447"}],"up":[{"embeddable":true,"href":"https:\/\/daneuropesuisse.ch\/index.php?rest_route=\/wp\/v2\/pages\/31"}],"wp:attachment":[{"href":"https:\/\/daneuropesuisse.ch\/index.php?rest_route=%2Fwp%2Fv2%2Fmedia&parent=39"}],"curies":[{"name":"wp","href":"https:\/\/api.w.org\/{rel}","templated":true}]}}